{"id":102,"date":"2023-04-12T14:22:43","date_gmt":"2023-04-12T14:22:43","guid":{"rendered":"https:\/\/thong-sook.de\/?page_id=102"},"modified":"2025-06-02T10:29:14","modified_gmt":"2025-06-02T10:29:14","slug":"impressum","status":"publish","type":"page","link":"https:\/\/thong-sook.de\/?page_id=102","title":{"rendered":"Impressum"},"content":{"rendered":"<p>[et_pb_section fb_built=&#8220;1&#8243; admin_label=&#8220;section&#8220; _builder_version=&#8220;4.19.4&#8243; use_background_color_gradient=&#8220;on&#8220; background_color_gradient_direction=&#8220;195deg&#8220; background_color_gradient_stops=&#8220;rgba(0,175,5,0.39) 0%|rgba(6,76,0,0.72) 78%&#8220; background_color_gradient_overlays_image=&#8220;on&#8220; background_image=&#8220;https:\/\/thong-sook.de\/wp-content\/uploads\/2023\/04\/GB.png&#8220; background_position=&#8220;bottom_left&#8220; background_vertical_offset=&#8220;12%&#8220; global_colors_info=&#8220;{}&#8220;][et_pb_row column_structure=&#8220;2_5,3_5&#8243; admin_label=&#8220;row&#8220; _builder_version=&#8220;4.19.4&#8243; background_size=&#8220;initial&#8220; background_position=&#8220;top_left&#8220; background_repeat=&#8220;repeat&#8220; width=&#8220;100%&#8220; global_colors_info=&#8220;{}&#8220;][et_pb_column type=&#8220;2_5&#8243; _builder_version=&#8220;4.19.4&#8243; _module_preset=&#8220;default&#8220; global_colors_info=&#8220;{}&#8220;][et_pb_image src=&#8220;https:\/\/thong-sook.de\/wp-content\/uploads\/2023\/04\/Elofanten.png&#8220; title_text=&#8220;Elofanten&#8220; _builder_version=&#8220;4.19.4&#8243; _module_preset=&#8220;default&#8220; global_colors_info=&#8220;{}&#8220;][\/et_pb_image][\/et_pb_column][et_pb_column type=&#8220;3_5&#8243; _builder_version=&#8220;4.16&#8243; custom_padding=&#8220;|||&#8220; global_colors_info=&#8220;{}&#8220; custom_padding__hover=&#8220;|||&#8220;][et_pb_text _builder_version=&#8220;4.19.4&#8243; _module_preset=&#8220;default&#8220; header_font=&#8220;Aclonica|700|||||||&#8220; header_text_color=&#8220;#FFFFFF&#8220; header_font_size=&#8220;5em&#8220; header_line_height=&#8220;1.4em&#8220; custom_margin=&#8220;13%|||20%|false|false&#8220; header_text_shadow_style=&#8220;preset1&#8243; global_colors_info=&#8220;{}&#8220;]<\/p>\n<h1>Impressum<\/h1>\n<p>[\/et_pb_text][\/et_pb_column][\/et_pb_row][\/et_pb_section][et_pb_section fb_built=&#8220;1&#8243; _builder_version=&#8220;4.19.4&#8243; _module_preset=&#8220;default&#8220; global_colors_info=&#8220;{}&#8220;][et_pb_row _builder_version=&#8220;4.19.4&#8243; _module_preset=&#8220;default&#8220; global_colors_info=&#8220;{}&#8220;][et_pb_column type=&#8220;4_4&#8243; _builder_version=&#8220;4.19.4&#8243; _module_preset=&#8220;default&#8220; global_colors_info=&#8220;{}&#8220;][et_pb_text _builder_version=&#8220;4.19.4&#8243; _module_preset=&#8220;default&#8220; custom_padding=&#8220;||2px|||&#8220; global_colors_info=&#8220;{}&#8220;]<\/p>\n<h3><strong>Angaben gem\u00e4\u00df \u00a7 5 TMG<\/strong><\/h3>\n<p>Inh. Thongphoon Grippekoven<br \/>Bethlehemer Stra\u00dfe 10<br \/>50126 Bergheim<\/p>\n<h3><strong><\/strong><\/h3>\n<h3><strong>Kontakt:<\/strong><span>\u00a0<\/span><\/h3>\n<p>Telefon: 0157 83 03 58 91<br \/>E-Mail:<span>\u00a0<\/span><a href=\"mailto:info@thong-sook.de\" class=\"moz-txt-link-freetext\">info@thong-sook.de<\/a><\/p>\n<p>&nbsp;<\/p>\n<h3><strong>Verbraucher\u00adstreit\u00adbeilegung\/Universal\u00adschlichtungs\u00adstelle<\/strong><\/h3>\n<p>Wir sind nicht bereit oder verpflichtet, an Streitbeilegungsverfahren vor einer Verbraucherschlichtungsstelle teilzunehmen.<\/p>\n<p>&nbsp;<\/p>\n<h3><strong>Haftungsausschluss<\/strong><\/h3>\n<h4><strong>Haftung f\u00fcr Inhalte<\/strong><\/h4>\n<p>Wir bem\u00fchen uns um Vollst\u00e4ndigkeit, Richtigkeit\u00a0 und Aktualit\u00e4t unserer Seiten, k\u00f6nnen hierf\u00fcr aber keine Garantie \u00fcbernehmen. Gem\u00e4\u00df \u00a7 7 Absatz 1 TDG sind wir als Dienstanbieter f\u00fcr eigene Inhalte auf von uns angebotenen eigenen Seiten verantwortlich, nicht jedoch verpflichtet, \u00fcbermittelte oder gespeicherte fremde Informationen zu \u00fcberwachen (\u00a7\u00a7 8-10 TDG). Werden uns jedoch Rechtsverst\u00f6\u00dfe bekannt, entfernen wir die entsprechenden Inhalte umgehend. Eine\u00a0 entsprechende Haftung k\u00f6nnen wir fr\u00fchestens ab dem Zeitpunkt der Kenntnis konkreter Rechtsverletzungen \u00fcbernehmen. Wir bitten ausdr\u00fccklich um entsprechende Hinweise.<\/p>\n<h4><strong>Haftung f\u00fcr Links<\/strong><\/h4>\n<p>Sofern unsere Seiten Verkn\u00fcpfungen zu Webseiten Dritter enthalten, weisen wir darauf hin, dass wir auf die Inhalte dieser Webseiten keinen Einfluss haben. F\u00fcr die Ordnungsgem\u00e4\u00dfheit der Inhalte solcher Seiten ist immer der jeweilige Anbieter verantwortlich, weshalb wir diesbez\u00fcglich keinerlei Gew\u00e4hr \u00fcbernehmen k\u00f6nnen. Die Webseiten Dritter\u00a0 haben wir zum Zeitpunkt der Verlinkung auf m\u00f6gliche Gesetzesverst\u00f6\u00dfe \u00fcberpr\u00fcft, jedoch keine Verst\u00f6\u00dfe erkennen k\u00f6nnen. Eine fortlaufende \u00dcberpr\u00fcfung der Inhalte der von uns verlinkten Seiten ohne n\u00e4here Anhaltspunkte f\u00fcr Gesetzesverst\u00f6\u00dfe ist f\u00fcr uns ein unzumutbarer Aufwand. F\u00fcr den Fall, dass uns Gesetzesverletzungen bekannt werden, entfernen wir die Verkn\u00fcpfungen umgehend..<\/p>\n<h4><strong>Urheberrecht<\/strong><\/h4>\n<p>Durch den Betreiber auf diesen Webseiten angebotene Inhalte und Werke unterliegen dem deutschen Urheberrecht. Beitr\u00e4ge Dritter sind als solche gekennzeichnet. Die Vervielf\u00e4ltigung, Bearbeitung, Verbreitung und jede andere Art der Verwertung au\u00dferhalb der Grenzen des Urheberrechts bed\u00fcrfen der schriftlichen Zustimmung des jeweiligen Autors bzw. Erstellers. Jegliche Kopien von diesen Seiten sind nur f\u00fcr den privaten Bereich, nicht jedoch f\u00fcr kommerzielle Zwecke gestattet.<\/p>\n<h4><strong>Datenschutz<\/strong><\/h4>\n<p>Wir k\u00f6nnen keine Gew\u00e4hr f\u00fcr die Sicherheit der Daten\u00fcbertragung im Internet \u00fcbernehmen, insbesondere besteht bei der \u00dcbertragung von Daten im E-Mail-Verkehr die Gefahr des Zugriffs durch Dritte. Falls wir personenbezogene Daten auf unseren Seiten erheben, erfolgt die \u00dcbermittlung dieser Daten durch den Nutzer stets auf freiwilliger Basis. Wir werden diese Daten ohne ausdr\u00fcckliche Zustimmung des Nutzers nicht an Dritte weiterleiten.<\/p>\n<p>Wir widersprechen schon jetzt der Nutzung unserer im Impressum ver\u00f6ffentlichten Kontaktdaten durch Dritte zu Werbezwecken.<\/p>\n<h4><strong>Quellenangaben f\u00fcr die verwendeten Bilder und Grafiken:<\/strong><\/h4>\n<p>\u00a9Privateigentum<br \/>\u00a9AdobeStock<\/p>\n<p>[\/et_pb_text][\/et_pb_column][\/et_pb_row][\/et_pb_section]<\/p>\n","protected":false},"excerpt":{"rendered":"<p>ImpressumAngaben gem\u00e4\u00df \u00a7 5 TMG Inh. Thongphoon GrippekovenBethlehemer Stra\u00dfe 1050126 Bergheim Kontakt:\u00a0 Telefon: 0157 83 03 58 91E-Mail:\u00a0info@thong-sook.de &nbsp; Verbraucher\u00adstreit\u00adbeilegung\/Universal\u00adschlichtungs\u00adstelle Wir sind nicht bereit oder verpflichtet, an Streitbeilegungsverfahren vor einer Verbraucherschlichtungsstelle teilzunehmen. &nbsp; Haftungsausschluss Haftung f\u00fcr Inhalte Wir bem\u00fchen uns um Vollst\u00e4ndigkeit, Richtigkeit\u00a0 und Aktualit\u00e4t unserer Seiten, k\u00f6nnen hierf\u00fcr aber keine Garantie \u00fcbernehmen. Gem\u00e4\u00df \u00a7 [&hellip;]<\/p>\n","protected":false},"author":1,"featured_media":0,"parent":0,"menu_order":0,"comment_status":"closed","ping_status":"closed","template":"","meta":{"_et_pb_use_builder":"on","_et_pb_old_content":"","_et_gb_content_width":""},"_links":{"self":[{"href":"https:\/\/thong-sook.de\/index.php?rest_route=\/wp\/v2\/pages\/102"}],"collection":[{"href":"https:\/\/thong-sook.de\/index.php?rest_route=\/wp\/v2\/pages"}],"about":[{"href":"https:\/\/thong-sook.de\/index.php?rest_route=\/wp\/v2\/types\/page"}],"author":[{"embeddable":true,"href":"https:\/\/thong-sook.de\/index.php?rest_route=\/wp\/v2\/users\/1"}],"replies":[{"embeddable":true,"href":"https:\/\/thong-sook.de\/index.php?rest_route=%2Fwp%2Fv2%2Fcomments&post=102"}],"version-history":[{"count":16,"href":"https:\/\/thong-sook.de\/index.php?rest_route=\/wp\/v2\/pages\/102\/revisions"}],"predecessor-version":[{"id":331,"href":"https:\/\/thong-sook.de\/index.php?rest_route=\/wp\/v2\/pages\/102\/revisions\/331"}],"wp:attachment":[{"href":"https:\/\/thong-sook.de\/index.php?rest_route=%2Fwp%2Fv2%2Fmedia&parent=102"}],"curies":[{"name":"wp","href":"https:\/\/api.w.org\/{rel}","templated":true}]}}